{"id":51,"date":"2021-10-27T23:26:40","date_gmt":"2021-10-27T23:26:40","guid":{"rendered":"https:\/\/demo18.iweb.no\/?page_id=51"},"modified":"2021-11-14T11:50:36","modified_gmt":"2021-11-14T11:50:36","slug":"kontakt-oss","status":"publish","type":"page","link":"https:\/\/demo18.iweb.no\/index.php\/kontakt-oss\/","title":{"rendered":"Kontakt Oss"},"content":{"rendered":"[et_pb_section fb_built=&#8221;1&#8243; _builder_version=&#8221;4.11.4&#8243; _module_preset=&#8221;default&#8221; background_image=&#8221;https:\/\/demo18.iweb.no\/wp-content\/uploads\/2021\/10\/Residential-remodeling-1.jpg&#8221; custom_padding=&#8221;||||false|false&#8221; global_colors_info=&#8221;{}&#8221;][et_pb_row _builder_version=&#8221;4.11.4&#8243; _module_preset=&#8221;default&#8221; global_colors_info=&#8221;{}&#8221;][et_pb_column type=&#8221;4_4&#8243; _builder_version=&#8221;4.11.4&#8243; _module_preset=&#8221;default&#8221; global_colors_info=&#8221;{}&#8221;][et_pb_text _builder_version=&#8221;4.11.4&#8243; _module_preset=&#8221;default&#8221; header_font=&#8221;Frank Ruhl Libre||||||||&#8221; header_text_align=&#8221;center&#8221; header_text_color=&#8221;#FFFFFF&#8221; header_font_size=&#8221;70px&#8221; custom_margin=&#8221;||||false|false&#8221; hover_enabled=&#8221;0&#8243; global_colors_info=&#8221;{}&#8221; header_font_size_last_edited=&#8221;on|phone&#8221; header_font_size_phone=&#8221;48px&#8221; sticky_enabled=&#8221;0&#8243; header_font_size_tablet=&#8221;70px&#8221;]<div class=\"et_pb_module et_pb_text et_pb_text_0 et_pb_bg_layout_light  et_pb_text_align_left\">\n<div class=\"et_pb_text_inner\">\n<h1>Kontakt Oss<\/h1>\n<\/div>\n<\/div>[\/et_pb_text][\/et_pb_column][\/et_pb_row][\/et_pb_section][et_pb_section fb_built=&#8221;1&#8243; _builder_version=&#8221;4.11.4&#8243; _module_preset=&#8221;default&#8221; background_image=&#8221;https:\/\/demo18.iweb.no\/wp-content\/uploads\/2021\/11\/bg.jpg&#8221; custom_padding=&#8221;||0px||false|false&#8221; global_colors_info=&#8221;{}&#8221;][et_pb_row column_structure=&#8221;1_2,1_2&#8243; make_equal=&#8221;on&#8221; _builder_version=&#8221;4.11.4&#8243; _module_preset=&#8221;default&#8221; width=&#8221;100%&#8221; max_width=&#8221;95%&#8221; hover_enabled=&#8221;0&#8243; global_colors_info=&#8221;{}&#8221; sticky_enabled=&#8221;0&#8243;][et_pb_column type=&#8221;1_2&#8243; _builder_version=&#8221;4.11.4&#8243; _module_preset=&#8221;default&#8221; background_enable_color=&#8221;off&#8221; custom_padding=&#8221;25px|75px|25px|75px|true|true&#8221; hover_enabled=&#8221;0&#8243; border_width_all=&#8221;1px&#8221; border_color_all=&#8221;#005b71&#8243; global_colors_info=&#8221;{}&#8221; sticky_enabled=&#8221;0&#8243; custom_padding_last_edited=&#8221;on|phone&#8221; custom_padding_phone=&#8221;|25px||25px|true|true&#8221; custom_padding_tablet=&#8221;25px|75px|25px|75px|true|true&#8221;][et_pb_text _builder_version=&#8221;4.11.4&#8243; _module_preset=&#8221;default&#8221; header_2_font=&#8221;Frank Ruhl Libre|700|||||||&#8221; header_2_text_color=&#8221;#FFFFFF&#8221; header_2_font_size=&#8221;48px&#8221; custom_margin=&#8221;||0px||false|false&#8221; hover_enabled=&#8221;0&#8243; global_colors_info=&#8221;{}&#8221; sticky_enabled=&#8221;0&#8243; header_2_font_size_last_edited=&#8221;on|phone&#8221; header_2_font_size_phone=&#8221;36px&#8221; header_2_font_size_tablet=&#8221;48px&#8221;]<h2>Ta kontakt<\/h2>[\/et_pb_text][et_pb_text _builder_version=&#8221;4.11.4&#8243; _module_preset=&#8221;default&#8221; header_3_font=&#8221;Frank Ruhl Libre||||||||&#8221; header_3_text_color=&#8221;#65c02e&#8221; custom_margin=&#8221;0px||0px||false|false&#8221; global_colors_info=&#8221;{}&#8221;]<h3>KONTAKT OSS<\/h3>[\/et_pb_text][et_pb_divider color=&#8221;#65c02e&#8221; divider_weight=&#8221;3px&#8221; _builder_version=&#8221;4.11.4&#8243; _module_preset=&#8221;default&#8221; width=&#8221;225px&#8221; custom_margin=&#8221;10px||10px||false|false&#8221; global_colors_info=&#8221;{}&#8221;][\/et_pb_divider][et_pb_blurb title=&#8221;Address&#8221; use_icon=&#8221;on&#8221; font_icon=&#8221;%%249%%&#8221; icon_color=&#8221;#65c02e&#8221; icon_placement=&#8221;left&#8221; use_icon_font_size=&#8221;on&#8221; icon_font_size=&#8221;32px&#8221; _builder_version=&#8221;4.11.4&#8243; _module_preset=&#8221;default&#8221; header_font=&#8221;Frank Ruhl Libre|500|||||||&#8221; header_text_color=&#8221;#FFFFFF&#8221; header_font_size=&#8221;22px&#8221; body_font=&#8221;Frank Ruhl Libre||||||||&#8221; body_text_color=&#8221;#FFFFFF&#8221; global_colors_info=&#8221;{}&#8221;]<p>Skj\u00e6rvaveien 38, 1466 Str\u00f8mmen<\/p>[\/et_pb_blurb][et_pb_blurb title=&#8221;Email&#8221; use_icon=&#8221;on&#8221; font_icon=&#8221;%%109%%&#8221; icon_color=&#8221;#65c02e&#8221; icon_placement=&#8221;left&#8221; use_icon_font_size=&#8221;on&#8221; icon_font_size=&#8221;32px&#8221; _builder_version=&#8221;4.11.4&#8243; _module_preset=&#8221;default&#8221; header_font=&#8221;Frank Ruhl Libre|500|||||||&#8221; header_text_color=&#8221;#FFFFFF&#8221; header_font_size=&#8221;22px&#8221; body_font=&#8221;Frank Ruhl Libre||||||||&#8221; body_text_color=&#8221;#FFFFFF&#8221; global_colors_info=&#8221;{}&#8221;]<p>post@nor-group.no<\/p>[\/et_pb_blurb][et_pb_blurb title=&#8221;Telefone&#8221; use_icon=&#8221;on&#8221; font_icon=&#8221;%%264%%&#8221; icon_color=&#8221;#65c02e&#8221; icon_placement=&#8221;left&#8221; use_icon_font_size=&#8221;on&#8221; icon_font_size=&#8221;32px&#8221; _builder_version=&#8221;4.11.4&#8243; _module_preset=&#8221;default&#8221; header_font=&#8221;Frank Ruhl Libre|500|||||||&#8221; header_text_color=&#8221;#FFFFFF&#8221; header_font_size=&#8221;22px&#8221; body_font=&#8221;Frank Ruhl Libre||||||||&#8221; body_text_color=&#8221;#FFFFFF&#8221; global_colors_info=&#8221;{}&#8221;]<p>905 97 777<\/p>[\/et_pb_blurb][et_pb_blurb title=&#8221;Tider&#8221; use_icon=&#8221;on&#8221; font_icon=&#8221;%%92%%&#8221; icon_color=&#8221;#65c02e&#8221; icon_placement=&#8221;left&#8221; use_icon_font_size=&#8221;on&#8221; icon_font_size=&#8221;32px&#8221; _builder_version=&#8221;4.11.4&#8243; _module_preset=&#8221;default&#8221; header_font=&#8221;Frank Ruhl Libre|500|||||||&#8221; header_text_color=&#8221;#FFFFFF&#8221; header_font_size=&#8221;22px&#8221; body_font=&#8221;Frank Ruhl Libre||||||||&#8221; body_text_color=&#8221;#FFFFFF&#8221; hover_enabled=&#8221;0&#8243; global_colors_info=&#8221;{}&#8221; sticky_enabled=&#8221;0&#8243;]<p>Man-Fre: 10:00-18:00<\/p>[\/et_pb_blurb][\/et_pb_column][et_pb_column type=&#8221;1_2&#8243; _builder_version=&#8221;4.11.4&#8243; _module_preset=&#8221;default&#8221; background_enable_color=&#8221;off&#8221; custom_padding=&#8221;25px|75px|25px|75px|true|true&#8221; hover_enabled=&#8221;0&#8243; border_width_all=&#8221;1px&#8221; border_color_all=&#8221;#005b71&#8243; global_colors_info=&#8221;{}&#8221; sticky_enabled=&#8221;0&#8243; custom_padding_last_edited=&#8221;on|phone&#8221; custom_padding_phone=&#8221;25px|25px|25px|25px|true|true&#8221; custom_padding_tablet=&#8221;25px|75px|25px|75px|true|true&#8221;][et_pb_text _builder_version=&#8221;4.11.4&#8243; _module_preset=&#8221;default&#8221; header_2_font=&#8221;Frank Ruhl Libre|700|||||||&#8221; header_2_text_color=&#8221;#FFFFFF&#8221; header_2_font_size=&#8221;48px&#8221; custom_margin=&#8221;||0px||false|false&#8221; hover_enabled=&#8221;0&#8243; global_colors_info=&#8221;{}&#8221; sticky_enabled=&#8221;0&#8243; header_2_font_size_last_edited=&#8221;on|phone&#8221; header_2_font_size_phone=&#8221;36px&#8221; header_2_font_size_tablet=&#8221;48px&#8221;]<h2>Har et sp\u00f8rsm\u00e5l?<\/h2>[\/et_pb_text][et_pb_text _builder_version=&#8221;4.11.4&#8243; _module_preset=&#8221;default&#8221; header_3_font=&#8221;Frank Ruhl Libre||||||||&#8221; header_3_text_color=&#8221;#65c02e&#8221; custom_margin=&#8221;0px||0px||false|false&#8221; global_colors_info=&#8221;{}&#8221;]<h3>KONTAKT OSS<\/h3>[\/et_pb_text][et_pb_divider color=&#8221;#65c02e&#8221; divider_weight=&#8221;3px&#8221; _builder_version=&#8221;4.11.4&#8243; _module_preset=&#8221;default&#8221; width=&#8221;225px&#8221; custom_margin=&#8221;10px||10px||false|false&#8221; global_colors_info=&#8221;{}&#8221;][\/et_pb_divider][et_pb_contact_form captcha=&#8221;off&#8221; submit_button_text=&#8221;Send&#8221; _builder_version=&#8221;4.11.4&#8243; _module_preset=&#8221;default&#8221; form_field_background_color=&#8221;RGBA(0,0,0,0)&#8221; form_field_text_color=&#8221;#FFFFFF&#8221; form_field_focus_background_color=&#8221;RGBA(0,0,0,0)&#8221; form_field_focus_text_color=&#8221;RGBA(0,0,0,0)&#8221; form_field_font=&#8221;Frank Ruhl Libre||||||||&#8221; custom_button=&#8221;on&#8221; button_text_size=&#8221;16px&#8221; button_text_color=&#8221;#FFFFFF&#8221; button_bg_color=&#8221;#65c02e&#8221; button_border_width=&#8221;1px&#8221; button_border_color=&#8221;#65c02e&#8221; button_font=&#8221;Frank Ruhl Libre|300||on|||||&#8221; button_use_icon=&#8221;off&#8221; hover_enabled=&#8221;0&#8243; border_width_all=&#8221;1px&#8221; border_color_all=&#8221;#FFFFFF&#8221; global_colors_info=&#8221;{}&#8221; button_bg_color__hover=&#8221;RGBA(0,0,0,0)&#8221; button_bg_color__hover_enabled=&#8221;on|hover&#8221; button_border_width__hover=&#8221;1px&#8221; button_border_width__hover_enabled=&#8221;on|hover&#8221; sticky_enabled=&#8221;0&#8243; button_bg_enable_color=&#8221;on&#8221; button_bg_enable_color__hover=&#8221;on&#8221; button_border_color__hover_enabled=&#8221;on|desktop&#8221; button_border_color__hover=&#8221;#FFFFFF&#8221;][et_pb_contact_field field_id=&#8221;Navn&#8221; field_title=&#8221;Navn&#8221; fullwidth_field=&#8221;on&#8221; _builder_version=&#8221;4.11.4&#8243; _module_preset=&#8221;default&#8221; hover_enabled=&#8221;0&#8243; global_colors_info=&#8221;{}&#8221; sticky_enabled=&#8221;0&#8243;][\/et_pb_contact_field][et_pb_contact_field field_id=&#8221;Post&#8221; field_title=&#8221;Post&#8221; field_type=&#8221;email&#8221; fullwidth_field=&#8221;on&#8221; _builder_version=&#8221;4.11.4&#8243; _module_preset=&#8221;default&#8221; hover_enabled=&#8221;0&#8243; global_colors_info=&#8221;{}&#8221; sticky_enabled=&#8221;0&#8243;][\/et_pb_contact_field][et_pb_contact_field field_id=&#8221;Telefon&#8221; field_title=&#8221;Telefon&#8221; allowed_symbols=&#8221;numbers&#8221; fullwidth_field=&#8221;on&#8221; _builder_version=&#8221;4.11.4&#8243; _module_preset=&#8221;default&#8221; hover_enabled=&#8221;0&#8243; global_colors_info=&#8221;{}&#8221; sticky_enabled=&#8221;0&#8243;][\/et_pb_contact_field][et_pb_contact_field field_id=&#8221;Beskjed&#8221; field_title=&#8221;Beskjed&#8221; field_type=&#8221;text&#8221; fullwidth_field=&#8221;on&#8221; _builder_version=&#8221;4.11.4&#8243; _module_preset=&#8221;default&#8221; hover_enabled=&#8221;0&#8243; global_colors_info=&#8221;{}&#8221; sticky_enabled=&#8221;0&#8243;][\/et_pb_contact_field][et_pb_contact_field fullwidth_field=&#8221;on&#8221; _builder_version=&#8221;4.11.4&#8243; _module_preset=&#8221;default&#8221; field_id=&#8221;Symtakke&#8221; field_type=&#8221;checkbox&#8221; checkbox_options=&#8221;%91{%22value%22:%22Ved \u00e5 bruke dette skjemaet godtar du lagring og h\u00e5ndtering av dataene dine p\u00e5 denne nettsiden. Les mer om personvern og cookies her.%22,%22checked%22:0,%22dragID%22:-1}%93&#8243; field_title=&#8221;Symtakke&#8221; hover_enabled=&#8221;0&#8243; sticky_enabled=&#8221;0&#8243;][\/et_pb_contact_field][\/et_pb_contact_form][\/et_pb_column][\/et_pb_row][et_pb_row _builder_version=&#8221;4.11.4&#8243; _module_preset=&#8221;default&#8221; width=&#8221;100%&#8221; max_width=&#8221;1920px&#8221; custom_padding=&#8221;||0px||false|false&#8221; global_colors_info=&#8221;{}&#8221;][et_pb_column type=&#8221;4_4&#8243; _builder_version=&#8221;4.11.4&#8243; _module_preset=&#8221;default&#8221; global_colors_info=&#8221;{}&#8221;][et_pb_code _builder_version=&#8221;4.11.4&#8243; _module_preset=&#8221;default&#8221; filter_saturate=&#8221;0%&#8221; global_colors_info=&#8221;{}&#8221; filter_saturate__hover_enabled=&#8221;on|hover&#8221; filter_saturate__hover=&#8221;100%&#8221;]<iframe src=\"https:\/\/www.google.com\/maps\/embed?pb=!1m18!1m12!1m3!1d1997.2294528997938!2d11.019281215591366!3d59.96151726721548!2m3!1f0!2f0!3f0!3m2!1i1024!2i768!4f13.1!3m3!1m2!1s0x46417b0c90c856e1%3A0x69e1edd297997d22!2sNor%20Group%20AS!5e0!3m2!1sen!2s!4v1635694245583!5m2!1sen!2s\" width=\"100%\" height=\"400\" style=\"border:0;\" allowfullscreen=\"\" loading=\"lazy\"><\/iframe>[\/et_pb_code][\/et_pb_column][\/et_pb_row][\/et_pb_section]","protected":false},"excerpt":{"rendered":"<p>Kontakt Oss Ta kontaktKONTAKT OSSSkj\u00e6rvaveien 38, 1466 Str\u00f8mmenpost@nor-group.no905 97 777Man-Fre: 10:00-18:00Har et sp\u00f8rsm\u00e5l?KONTAKT OSS<\/p>\n","protected":false},"author":2,"featured_media":0,"parent":0,"menu_order":0,"comment_status":"closed","ping_status":"closed","template":"","meta":{"_et_pb_use_builder":"on","_et_pb_old_content":"","_et_gb_content_width":""},"_links":{"self":[{"href":"https:\/\/demo18.iweb.no\/index.php\/wp-json\/wp\/v2\/pages\/51"}],"collection":[{"href":"https:\/\/demo18.iweb.no\/index.php\/wp-json\/wp\/v2\/pages"}],"about":[{"href":"https:\/\/demo18.iweb.no\/index.php\/wp-json\/wp\/v2\/types\/page"}],"author":[{"embeddable":true,"href":"https:\/\/demo18.iweb.no\/index.php\/wp-json\/wp\/v2\/users\/2"}],"replies":[{"embeddable":true,"href":"https:\/\/demo18.iweb.no\/index.php\/wp-json\/wp\/v2\/comments?post=51"}],"version-history":[{"count":24,"href":"https:\/\/demo18.iweb.no\/index.php\/wp-json\/wp\/v2\/pages\/51\/revisions"}],"predecessor-version":[{"id":128312,"href":"https:\/\/demo18.iweb.no\/index.php\/wp-json\/wp\/v2\/pages\/51\/revisions\/128312"}],"wp:attachment":[{"href":"https:\/\/demo18.iweb.no\/index.php\/wp-json\/wp\/v2\/media?parent=51"}],"curies":[{"name":"wp","href":"https:\/\/api.w.org\/{rel}","templated":true}]}}